{"id":11,"date":"2023-05-22T15:25:49","date_gmt":"2023-05-22T13:25:49","guid":{"rendered":"https:\/\/compulse-africa.com\/?page_id=11"},"modified":"2023-05-24T12:02:13","modified_gmt":"2023-05-24T10:02:13","slug":"a-propos","status":"publish","type":"page","link":"https:\/\/compulse-africa.com\/index.php\/a-propos\/","title":{"rendered":"A propos"},"content":{"rendered":"<style>.kb-row-layout-id_edec44-2a > .kt-row-column-wrap{align-content:start;}:where(.kb-row-layout-id_edec44-2a > .kt-row-column-wrap) > .wp-block-kadence-column{justify-content:start;}.kb-row-layout-id_edec44-2a > .kt-row-column-wrap{column-gap:var(--global-kb-gap-md, 2rem);row-gap:var(--global-kb-gap-md, 2rem);padding-top:var(--global-kb-spacing-sm, 1.5rem);padding-bottom:var(--global-kb-spacing-sm, 1.5rem);grid-template-columns:minmax(0, 1fr);}.kb-row-layout-id_edec44-2a > .kt-row-layout-overlay{opacity:0.30;}@media all and (max-width: 1024px){.kb-row-layout-id_edec44-2a > .kt-row-column-wrap{grid-template-columns:minmax(0, 1fr);}}@media all and (max-width: 767px){.kb-row-layout-id_edec44-2a > .kt-row-column-wrap{grid-template-columns:minmax(0, 1fr);}}<\/style><div class=\"kb-row-layout-wrap kb-row-layout-id_edec44-2a alignnone wp-block-kadence-rowlayout\"><div class=\"kt-row-column-wrap kt-has-1-columns kt-row-layout-equal kt-tab-layout-inherit kt-mobile-layout-row kt-row-valign-top\">\n<style>.kadence-column_08d87e-43 > .kt-inside-inner-col,.kadence-column_08d87e-43 > .kt-inside-inner-col:before{border-top-left-radius:0px;border-top-right-radius:0px;border-bottom-right-radius:0px;border-bottom-left-radius:0px;}.kadence-column_08d87e-43 > .kt-inside-inner-col{column-gap:var(--global-kb-gap-sm, 1rem);}.kadence-column_08d87e-43 > .kt-inside-inner-col{flex-direction:column;}.kadence-column_08d87e-43 > .kt-inside-inner-col > .aligncenter{width:100%;}.kadence-column_08d87e-43 > .kt-inside-inner-col:before{opacity:0.3;}.kadence-column_08d87e-43{position:relative;}@media all and (max-width: 1024px){.kadence-column_08d87e-43 > .kt-inside-inner-col{flex-direction:column;}}@media all and (max-width: 767px){.kadence-column_08d87e-43 > .kt-inside-inner-col{flex-direction:column;}}<\/style>\n<div class=\"wp-block-kadence-column kadence-column_08d87e-43\"><div class=\"kt-inside-inner-col\"><style>.wp-block-kadence-advancedheading.kt-adv-heading_03f3c5-d3, .wp-block-kadence-advancedheading.kt-adv-heading_03f3c5-d3[data-kb-block=\"kb-adv-heading_03f3c5-d3\"]{text-align:center;font-style:normal;}.wp-block-kadence-advancedheading.kt-adv-heading_03f3c5-d3 mark.kt-highlight, .wp-block-kadence-advancedheading.kt-adv-heading_03f3c5-d3[data-kb-block=\"kb-adv-heading_03f3c5-d3\"] mark.kt-highlight{font-style:normal;color:#f76a0c;-webkit-box-decoration-break:clone;box-decoration-break:clone;padding-top:0px;padding-right:0px;padding-bottom:0px;padding-left:0px;}<\/style>\n<h2 class=\"kt-adv-heading_03f3c5-d3 wp-block-kadence-advancedheading has-theme-palette-2-color has-text-color\" data-kb-block=\"kb-adv-heading_03f3c5-d3\">Qui sommes-nous?<\/h2>\n\n\n<style>.wp-block-kadence-advancedheading.kt-adv-heading_8f4bf3-f1, .wp-block-kadence-advancedheading.kt-adv-heading_8f4bf3-f1[data-kb-block=\"kb-adv-heading_8f4bf3-f1\"]{text-align:center;font-style:normal;}.wp-block-kadence-advancedheading.kt-adv-heading_8f4bf3-f1 mark.kt-highlight, .wp-block-kadence-advancedheading.kt-adv-heading_8f4bf3-f1[data-kb-block=\"kb-adv-heading_8f4bf3-f1\"] mark.kt-highlight{font-style:normal;color:#f76a0c;-webkit-box-decoration-break:clone;box-decoration-break:clone;padding-top:0px;padding-right:0px;padding-bottom:0px;padding-left:0px;}<\/style>\n<h4 class=\"kt-adv-heading_8f4bf3-f1 wp-block-kadence-advancedheading\" data-kb-block=\"kb-adv-heading_8f4bf3-f1\">D\u00e9couvrez notre mission et qui nous sommes.<\/h4>\n\n\n<style>.kb-row-layout-id_38aa28-8d > .kt-row-column-wrap{align-content:start;}:where(.kb-row-layout-id_38aa28-8d > .kt-row-column-wrap) > .wp-block-kadence-column{justify-content:start;}.kb-row-layout-id_38aa28-8d > .kt-row-column-wrap{column-gap:var(--global-kb-gap-md, 2rem);row-gap:var(--global-kb-gap-md, 2rem);padding-top:var(--global-kb-spacing-sm, 1.5rem);padding-bottom:var(--global-kb-spacing-sm, 1.5rem);grid-template-columns:repeat(2, minmax(0, 1fr));}.kb-row-layout-id_38aa28-8d > .kt-row-layout-overlay{opacity:0.30;}@media all and (max-width: 1024px){.kb-row-layout-id_38aa28-8d > .kt-row-column-wrap{grid-template-columns:repeat(2, minmax(0, 1fr));}}@media all and (max-width: 767px){.kb-row-layout-id_38aa28-8d > .kt-row-column-wrap{grid-template-columns:minmax(0, 1fr);}}<\/style><div class=\"kb-row-layout-wrap kb-row-layout-id_38aa28-8d alignnone wp-block-kadence-rowlayout\"><div class=\"kt-row-column-wrap kt-has-2-columns kt-row-layout-equal kt-tab-layout-inherit kt-mobile-layout-row kt-row-valign-top\">\n<style>.kadence-column_a14152-34 > .kt-inside-inner-col,.kadence-column_a14152-34 > .kt-inside-inner-col:before{border-top-left-radius:0px;border-top-right-radius:0px;border-bottom-right-radius:0px;border-bottom-left-radius:0px;}.kadence-column_a14152-34 > .kt-inside-inner-col{column-gap:var(--global-kb-gap-sm, 1rem);}.kadence-column_a14152-34 > .kt-inside-inner-col{flex-direction:column;}.kadence-column_a14152-34 > .kt-inside-inner-col > .aligncenter{width:100%;}.kadence-column_a14152-34 > .kt-inside-inner-col:before{opacity:0.3;}.kadence-column_a14152-34{position:relative;}@media all and (max-width: 1024px){.kadence-column_a14152-34 > .kt-inside-inner-col{flex-direction:column;}}@media all and (max-width: 767px){.kadence-column_a14152-34 > .kt-inside-inner-col{flex-direction:column;}}<\/style>\n<div class=\"wp-block-kadence-column kadence-column_a14152-34\"><div class=\"kt-inside-inner-col\"><style>.kb-image_8623cd-a3 .kb-image-has-overlay:after{opacity:0.3;}<\/style>\n<div class=\"wp-block-kadence-image kb-image_8623cd-a3\"><figure class=\"aligncenter size-medium\"><img decoding=\"async\" loading=\"lazy\" width=\"300\" height=\"250\" src=\"https:\/\/compulse-africa.com\/wp-content\/uploads\/2023\/05\/Untitled-design-1-300x250.png\" alt=\"\" class=\"kb-img wp-image-161\" srcset=\"https:\/\/compulse-africa.com\/wp-content\/uploads\/2023\/05\/Untitled-design-1-300x250.png 300w, https:\/\/compulse-africa.com\/wp-content\/uploads\/2023\/05\/Untitled-design-1-1024x853.png 1024w, https:\/\/compulse-africa.com\/wp-content\/uploads\/2023\/05\/Untitled-design-1-768x640.png 768w, https:\/\/compulse-africa.com\/wp-content\/uploads\/2023\/05\/Untitled-design-1.png 1200w\" sizes=\"(max-width: 300px) 100vw, 300px\" \/><\/figure><\/div>\n<\/div><\/div>\n\n\n<style>.kadence-column_b15042-c1 > .kt-inside-inner-col,.kadence-column_b15042-c1 > .kt-inside-inner-col:before{border-top-left-radius:0px;border-top-right-radius:0px;border-bottom-right-radius:0px;border-bottom-left-radius:0px;}.kadence-column_b15042-c1 > .kt-inside-inner-col{column-gap:var(--global-kb-gap-sm, 1rem);}.kadence-column_b15042-c1 > .kt-inside-inner-col{flex-direction:column;}.kadence-column_b15042-c1 > .kt-inside-inner-col > .aligncenter{width:100%;}.kadence-column_b15042-c1 > .kt-inside-inner-col:before{opacity:0.3;}.kadence-column_b15042-c1{position:relative;}@media all and (max-width: 1024px){.kadence-column_b15042-c1 > .kt-inside-inner-col{flex-direction:column;}}@media all and (max-width: 767px){.kadence-column_b15042-c1 > .kt-inside-inner-col{flex-direction:column;}}<\/style>\n<div class=\"wp-block-kadence-column kadence-column_b15042-c1\"><div class=\"kt-inside-inner-col\"><style>.wp-block-kadence-advancedheading.kt-adv-heading_2a3065-8e, .wp-block-kadence-advancedheading.kt-adv-heading_2a3065-8e[data-kb-block=\"kb-adv-heading_2a3065-8e\"]{font-style:normal;}.wp-block-kadence-advancedheading.kt-adv-heading_2a3065-8e mark.kt-highlight, .wp-block-kadence-advancedheading.kt-adv-heading_2a3065-8e[data-kb-block=\"kb-adv-heading_2a3065-8e\"] mark.kt-highlight{font-style:normal;color:#f76a0c;-webkit-box-decoration-break:clone;box-decoration-break:clone;padding-top:0px;padding-right:0px;padding-bottom:0px;padding-left:0px;}<\/style>\n<h3 class=\"kt-adv-heading_2a3065-8e wp-block-kadence-advancedheading has-theme-palette-2-color has-text-color\" data-kb-block=\"kb-adv-heading_2a3065-8e\">A propos de Compulse<\/h3>\n\n\n\n<p>Fond\u00e9e en 2007, COMPULSE a pour vocation de faciliter, par de la communication strat\u00e9gique, l&rsquo;implantation d&rsquo;entreprises etrangeres sur le sol congolais dans des secteurs cibles sp\u00e9cifiques: Les mines, l&rsquo;Energie, le P\u00e9trole, etc..<br>Il s&rsquo;agissait, en ses d\u00e9buts, de se d\u00e9finir une niche dans les relations publiques, les relations presses, les actions RSE (Responsabilit\u00e9 Sociale d&rsquo;entreprise) et le lobbying.<\/p>\n<\/div><\/div>\n\n<\/div><\/div><\/div><\/div>\n\n<\/div><\/div>","protected":false},"excerpt":{"rendered":"<p>Qui sommes-nous? D\u00e9couvrez notre mission et qui nous sommes. A propos de Compulse Fond\u00e9e en 2007, COMPULSE a pour vocation de faciliter, par de la communication strat\u00e9gique, l&rsquo;implantation d&rsquo;entreprises etrangeres sur le sol congolais dans des secteurs cibles sp\u00e9cifiques: Les mines, l&rsquo;Energie, le P\u00e9trole, etc..Il s&rsquo;agissait, en ses d\u00e9buts, de se d\u00e9finir une niche dans&#8230;<\/p>\n","protected":false},"author":1,"featured_media":0,"parent":0,"menu_order":0,"comment_status":"closed","ping_status":"closed","template":"","meta":{"_kadence_starter_templates_imported_post":false,"_kad_post_transparent":"","_kad_post_title":"hide","_kad_post_layout":"normal","_kad_post_sidebar_id":"","_kad_post_content_style":"","_kad_post_vertical_padding":"hide","_kad_post_feature":"","_kad_post_feature_position":"","_kad_post_header":false,"_kad_post_footer":false,"footnotes":""},"_links":{"self":[{"href":"https:\/\/compulse-africa.com\/index.php\/wp-json\/wp\/v2\/pages\/11"}],"collection":[{"href":"https:\/\/compulse-africa.com\/index.php\/wp-json\/wp\/v2\/pages"}],"about":[{"href":"https:\/\/compulse-africa.com\/index.php\/wp-json\/wp\/v2\/types\/page"}],"author":[{"embeddable":true,"href":"https:\/\/compulse-africa.com\/index.php\/wp-json\/wp\/v2\/users\/1"}],"replies":[{"embeddable":true,"href":"https:\/\/compulse-africa.com\/index.php\/wp-json\/wp\/v2\/comments?post=11"}],"version-history":[{"count":2,"href":"https:\/\/compulse-africa.com\/index.php\/wp-json\/wp\/v2\/pages\/11\/revisions"}],"predecessor-version":[{"id":240,"href":"https:\/\/compulse-africa.com\/index.php\/wp-json\/wp\/v2\/pages\/11\/revisions\/240"}],"wp:attachment":[{"href":"https:\/\/compulse-africa.com\/index.php\/wp-json\/wp\/v2\/media?parent=11"}],"curies":[{"name":"wp","href":"https:\/\/api.w.org\/{rel}","templated":true}]}}